{"id":115,"date":"2014-08-05T17:56:28","date_gmt":"2014-08-05T15:56:28","guid":{"rendered":"http:\/\/www.ff-tillmitsch.at\/wp\/?page_id=115"},"modified":"2025-07-21T08:46:08","modified_gmt":"2025-07-21T06:46:08","slug":"impressum","status":"publish","type":"page","link":"https:\/\/www.ff-tillmitsch.at\/wp\/?page_id=115","title":{"rendered":"Impressum"},"content":{"rendered":"<h2>Anbieterinformationen<\/h2>\n<p>Freiwillige Feuerwehr Tillmitsch<br \/>\nDorfstra\u00dfe 84<br \/>\n8434 Tillmitsch<br \/>\n\u00d6sterreich<\/p>\n<p>Tel.: 03452 \/ 73 222<br \/>\nFax: 03452 \/ 73 222<\/p>\n<p><a href=\"http:\/\/www.ff-tillmitsch.at\">Web<\/a><br \/>\n<a href=\"mailto:kontakt@ff-tillmitsch.at\">Mail<\/a><\/p>\n<h2>Vertretungsberechtigter<\/h2>\n<p>HBI Robert L\u00f6ffler<\/p>\n<h2>Technische Verantwortung<\/h2>\n<p><strong>Layout, Design, Inhalt<br \/>\n<\/strong>BM Thomas H\u00f6dl<strong><br \/>\n<\/strong><\/p>\n<p><strong>Grafik, Inhalt<\/strong><br \/>\nBM Thomas H\u00f6dl<\/p>\n<h2>externe Links<\/h2>\n<p>Trotz sorgf\u00e4ltiger inhaltlicher Kontrolle \u00fcbernehmen wir keine Haftung f\u00fcr die Inhalte externer Links. F\u00fcr den Inhalt der verlinkten Seiten sind ausschlie\u00dflich deren Betreiber verantwortlich.Alle hier verwendeten Namen, Begriffe, Zeichen und Grafiken k\u00f6nnen Marken- oder Warenzeichen im Besitze ihrer rechtlichen Eigent\u00fcmer sein. Die Rechte aller erw\u00e4hnten und benutzten Marken- und Warenzeichen liegen ausschlie\u00dflich bei deren Besitzern.<\/p>\n","protected":false},"excerpt":{"rendered":"<p class=\"qua-blog-post-description\">Anbieterinformationen Freiwillige Feuerwehr Tillmitsch Dorfstra\u00dfe 84 8434 Tillmitsch \u00d6sterreich Tel.: 03452 \/ 73 222 Fax: 03452 \/ 73 222 Web Mail Vertretungsberechtigter HBI Robert L\u00f6ffler Technische Verantwortung Layout, Design, Inhalt BM Thomas H\u00f6dl Grafik, Inhalt BM Thomas H\u00f6dl externe Links Trotz sorgf\u00e4ltiger inhaltlicher Kontrolle \u00fcbernehmen wir keine Haftung f\u00fcr die Inhalte externer Links. F\u00fcr den Inhalt der verlinkten Seiten sind ausschlie\u00dflich deren Betreiber verantwortlich.Alle hier verwendeten Namen, Begriffe, Zeichen und Grafiken k\u00f6nnen Marken- oder Warenzeichen im Besitze ihrer rechtlichen Eigent\u00fcmer sein. Die Rechte aller erw\u00e4hnten und benutzten Marken- und Warenzeichen liegen ausschlie\u00dflich bei deren Besitzern.<\/p>\n","protected":false},"author":1,"featured_media":0,"parent":113,"menu_order":0,"comment_status":"closed","ping_status":"closed","template":"","meta":{"footnotes":""},"_links":{"self":[{"href":"https:\/\/www.ff-tillmitsch.at\/wp\/index.php?rest_route=\/wp\/v2\/pages\/115"}],"collection":[{"href":"https:\/\/www.ff-tillmitsch.at\/wp\/index.php?rest_route=\/wp\/v2\/pages"}],"about":[{"href":"https:\/\/www.ff-tillmitsch.at\/wp\/index.php?rest_route=\/wp\/v2\/types\/page"}],"author":[{"embeddable":true,"href":"https:\/\/www.ff-tillmitsch.at\/wp\/index.php?rest_route=\/wp\/v2\/users\/1"}],"replies":[{"embeddable":true,"href":"https:\/\/www.ff-tillmitsch.at\/wp\/index.php?rest_route=%2Fwp%2Fv2%2Fcomments&post=115"}],"version-history":[{"count":4,"href":"https:\/\/www.ff-tillmitsch.at\/wp\/index.php?rest_route=\/wp\/v2\/pages\/115\/revisions"}],"predecessor-version":[{"id":5130,"href":"https:\/\/www.ff-tillmitsch.at\/wp\/index.php?rest_route=\/wp\/v2\/pages\/115\/revisions\/5130"}],"up":[{"embeddable":true,"href":"https:\/\/www.ff-tillmitsch.at\/wp\/index.php?rest_route=\/wp\/v2\/pages\/113"}],"wp:attachment":[{"href":"https:\/\/www.ff-tillmitsch.at\/wp\/index.php?rest_route=%2Fwp%2Fv2%2Fmedia&parent=115"}],"curies":[{"name":"wp","href":"https:\/\/api.w.org\/{rel}","templated":true}]}}