{"id":259,"date":"2014-09-11T20:34:25","date_gmt":"2014-09-11T18:34:25","guid":{"rendered":"http:\/\/www.ff-tillmitsch.at\/wp\/?page_id=259"},"modified":"2025-05-17T10:40:01","modified_gmt":"2025-05-17T08:40:01","slug":"mtf","status":"publish","type":"page","link":"https:\/\/www.ff-tillmitsch.at\/wp\/?page_id=259","title":{"rendered":"MTFA"},"content":{"rendered":"<p><em><strong>MTF &#8211; Mannschaftstransportfahrzeug mit Allrad<\/strong><\/em><\/p>\n<p><strong>Verwendung:<\/strong><br \/>\nMannschaftstransport, Kommandofahrzeug, Einsatzleitung, Zugfahrzeug f\u00fcr Jugendanh\u00e4nger.<\/p>\n<p><strong>Motor\/Aufbau:<\/strong><br \/>\nFIAT Ducato L2H2, BJ: 2015, Turbodiesel, 150PS, Dangel Allradantrieb<\/p>\n<p><strong>Ausr\u00fcstung:<br \/>\n<\/strong>Standheizung<br \/>\nErste Hilfe Koffer<br \/>\nEinsatzleitkoffer<br \/>\n2 Handfunkger\u00e4te<br \/>\nWinkerkellen<br \/>\n2 Handlampen<br \/>\nWarnwesten Feuerwehr<br \/>\n2 Feuerl\u00f6scher ABC, 6kg<\/p>\n<p><a href=\"http:\/\/www.ff-tillmitsch.at\/wp\/wp-content\/uploads\/2015\/10\/IMG_4758.JPG\"><img decoding=\"async\" class=\"alignnone size-medium wp-image-1552\" src=\"http:\/\/www.ff-tillmitsch.at\/wp\/wp-content\/uploads\/2015\/10\/IMG_4758-300x225.jpg\" alt=\"\" width=\"300\" height=\"225\" srcset=\"https:\/\/www.ff-tillmitsch.at\/wp\/wp-content\/uploads\/2015\/10\/IMG_4758-300x225.jpg 300w, https:\/\/www.ff-tillmitsch.at\/wp\/wp-content\/uploads\/2015\/10\/IMG_4758-160x120.jpg 160w, https:\/\/www.ff-tillmitsch.at\/wp\/wp-content\/uploads\/2015\/10\/IMG_4758.JPG 800w\" sizes=\"(max-width: 300px) 100vw, 300px\" \/><\/a><\/p>\n","protected":false},"excerpt":{"rendered":"<p class=\"qua-blog-post-description\">MTF &#8211; Mannschaftstransportfahrzeug mit Allrad Verwendung: Mannschaftstransport, Kommandofahrzeug, Einsatzleitung, Zugfahrzeug f\u00fcr Jugendanh\u00e4nger. Motor\/Aufbau: FIAT Ducato L2H2, BJ: 2015, Turbodiesel, 150PS, Dangel Allradantrieb Ausr\u00fcstung: Standheizung Erste Hilfe Koffer Einsatzleitkoffer 2 Handfunkger\u00e4te Winkerkellen 2 Handlampen Warnwesten Feuerwehr 2 Feuerl\u00f6scher ABC, 6kg<\/p>\n","protected":false},"author":1,"featured_media":0,"parent":10,"menu_order":0,"comment_status":"closed","ping_status":"closed","template":"","meta":{"footnotes":""},"_links":{"self":[{"href":"https:\/\/www.ff-tillmitsch.at\/wp\/index.php?rest_route=\/wp\/v2\/pages\/259"}],"collection":[{"href":"https:\/\/www.ff-tillmitsch.at\/wp\/index.php?rest_route=\/wp\/v2\/pages"}],"about":[{"href":"https:\/\/www.ff-tillmitsch.at\/wp\/index.php?rest_route=\/wp\/v2\/types\/page"}],"author":[{"embeddable":true,"href":"https:\/\/www.ff-tillmitsch.at\/wp\/index.php?rest_route=\/wp\/v2\/users\/1"}],"replies":[{"embeddable":true,"href":"https:\/\/www.ff-tillmitsch.at\/wp\/index.php?rest_route=%2Fwp%2Fv2%2Fcomments&post=259"}],"version-history":[{"count":6,"href":"https:\/\/www.ff-tillmitsch.at\/wp\/index.php?rest_route=\/wp\/v2\/pages\/259\/revisions"}],"predecessor-version":[{"id":5068,"href":"https:\/\/www.ff-tillmitsch.at\/wp\/index.php?rest_route=\/wp\/v2\/pages\/259\/revisions\/5068"}],"up":[{"embeddable":true,"href":"https:\/\/www.ff-tillmitsch.at\/wp\/index.php?rest_route=\/wp\/v2\/pages\/10"}],"wp:attachment":[{"href":"https:\/\/www.ff-tillmitsch.at\/wp\/index.php?rest_route=%2Fwp%2Fv2%2Fmedia&parent=259"}],"curies":[{"name":"wp","href":"https:\/\/api.w.org\/{rel}","templated":true}]}}