{"id":31,"date":"2014-08-03T10:36:45","date_gmt":"2014-08-03T08:36:45","guid":{"rendered":"http:\/\/www.ff-tillmitsch.at\/wp\/?page_id=31"},"modified":"2014-09-14T19:30:40","modified_gmt":"2014-09-14T17:30:40","slug":"notruf","status":"publish","type":"page","link":"https:\/\/www.ff-tillmitsch.at\/wp\/?page_id=31","title":{"rendered":"Notruf"},"content":{"rendered":"<h1>Richtig Alamieren<\/h1>\n<p>&nbsp;<\/p>\n<h2>Die &#8222;4W&#8220;<\/h2>\n<p>Ein richtig abgesetzter Notruf hilft Zeit zu sparen und Missverst\u00e4ndnisse zu vermeiden!<\/p>\n<p>&nbsp;<\/p>\n<p><strong>WO<\/strong> ist der Unfall passiert? Genauen Standort des Unfalls angeben!<\/p>\n<p><strong>WAS<\/strong> ist passiert? Beschreiben Sie den\/die Verletzten; sind gef\u00e4hrliche Substanzem im Spiel?<\/p>\n<p><strong>WIE VIELE<\/strong> Verletzte gibt es?<\/p>\n<p><strong>WER<\/strong> ruft an? Den eigenen Namen angeben und evtl. Telefonnummer f\u00fcr R\u00fcckfragen.<\/p>\n<p><strong>NICHT AUFLEGEN<\/strong> bevor Sie nicht dazu aufgefordert werden!<\/p>\n<p>&nbsp;<\/p>\n<h2>Bis Hilfe eintrifft<\/h2>\n<p>Erste Hilfe leisten<\/p>\n<p>Sich und andere in Sicherheit bringen<\/p>\n<p>Auf sich Aufmerksam machen (Rufen, Klopfen, usw.)<\/p>\n<p>Auf besondere Gefahren achten (Gase, Autobahn, usw.)<\/p>\n<p>Im Brandfall <strong>NIEMALS<\/strong> den Lift verwenden!<\/p>\n<p>&nbsp;<\/p>\n<h2>Beim Eintreffen von Einsatzorganisationen<\/h2>\n<p>Einweisen<\/p>\n<p>Auf besondere Gefahren hinweisen (Gasflaschen im Haus, besondere Krankheit der verletzen Person, usw.)<\/p>\n<p>F\u00fcr eventuelle Fragen in der N\u00e4he bleiben<\/p>\n<p>&nbsp;<\/p>\n<h2>Notrufnummern<\/h2>\n<p>Euronotruf: 112<\/p>\n<p>Feuerwehr: 122<\/p>\n<p>Polizei: 133<\/p>\n<p>Rettung: 144<\/p>\n<p>&nbsp;<\/p>\n<p>Bergrettung: 140<\/p>\n<p>\u00c4rztefunkdienst: 141<\/p>\n<p>Vergiftungsinformation: 01\/406 43 43<\/p>\n<p>ORF-Kinderservice (Rat auf Draht): 147<\/p>\n<p>&nbsp;<\/p>\n<p>Frauennotruf: 01\/71 71 9<\/p>\n<p>Gasgebrechen: 128<\/p>\n<p>ARB\u00d6: 123<\/p>\n<p>\u00d6AMTC: 120<\/p>\n<p>&nbsp;<\/p>\n<p>\u00c4rzteflugambulanz: 40 144<\/p>\n<p>Kinder- und Jugendanwalt des Bundes: 0800-240264<\/p>\n<p>Notruf f\u00fcr Geh\u00f6rlose: 0800 133 133<\/p>\n<p>&nbsp;<\/p>\n<h2>Weitere Services<\/h2>\n<p>Servicenummer der Polizei: 059 133<\/p>\n<p>Durch die Wahl dieser Nummer werden sie automatisch und unabh\u00e4ngig von ihrem Standort in \u00d6sterreich mit der n\u00e4chstgelegenen Polizeidienststelle verbunden.<\/p>\n<p>&nbsp;<\/p>\n<p>Die europ\u00e4ische Notrufnummer 112<\/p>\n<p>Die Telefonnummer 112 ist die einheitliche europ\u00e4ische Notrufnummer und der erste Kontaktpunkt (Public Safety Answering Point \u2013 PSAP). Hier werden Notrufe entgegengenommen und die Notfallinformationen an den entsprechenden Rettungsdienst, wie Polizei, Feuerwehr und Krankenwagen, weitergeleitet.<\/p>\n<p>Der PSAP geh\u00f6rt entweder zu einer der genannten Rettungsorgansationen oder dient als Schnittstelle zwischen Anrufern und Rettungsdiensten. Die Organisation der Rettungsdienste bleibt jedoch eine nationale bzw. wie in Deutschland oder Spanien eine regionale Aufgabe.<\/p>\n<p>Die Notrufnummer 112 wurde im Jahr 1991 eingerichtet und schrittweise in allen EU-Staaten etabliert. Diese Nummer kann \u00fcberall in der Europ\u00e4ischen Union aus dem Festnetz oder vom Mobiltelefon kostenlos angew\u00e4hlt werden. In den meisten L\u00e4ndern erg\u00e4nzt die Nummer 112 die bestehenden nationalen Notrufnummern und ersetzt diese nicht.<\/p>\n<p>Der europaweit einheitliche Notruf 112 kann von jedem Telefon aus gew\u00e4hlt werden \u2013 mit einem Handy auch ohne Netzvertrag, ohne Guthaben und meist sogar ohne SIM-Card.<\/p>\n<p>Quelle (Euro-Notruf): <a href=\"http:\/\/www.bmi.gv.at\/cms\/BMI\/notruf\/\" target=\"_blank\">BMI<\/a><\/p>\n","protected":false},"excerpt":{"rendered":"<p class=\"qua-blog-post-description\">Richtig Alamieren &nbsp; Die &#8222;4W&#8220; Ein richtig abgesetzter Notruf hilft Zeit zu sparen und Missverst\u00e4ndnisse zu vermeiden! &nbsp; WO ist der Unfall passiert? Genauen Standort des Unfalls angeben! WAS ist passiert? Beschreiben Sie den\/die Verletzten; sind gef\u00e4hrliche Substanzem im Spiel? WIE VIELE Verletzte gibt es? WER ruft an? Den eigenen Namen angeben und evtl. Telefonnummer f\u00fcr R\u00fcckfragen. NICHT AUFLEGEN bevor Sie nicht dazu aufgefordert werden! &nbsp; Bis Hilfe eintrifft Erste Hilfe leisten Sich und andere in Sicherheit bringen Auf sich Aufmerksam machen (Rufen, Klopfen, usw.) Auf besondere Gefahren achten (Gase, Autobahn, usw.) Im Brandfall NIEMALS den Lift verwenden! &nbsp; Beim Eintreffen von Einsatzorganisationen Einweisen Auf besondere Gefahren hinweisen (Gasflaschen im Haus, besondere Krankheit der verletzen Person, usw.) F\u00fcr eventuelle Fragen in der N\u00e4he bleiben &nbsp; Notrufnummern Euronotruf: 112 Feuerwehr: 122 Polizei: 133 Rettung: 144 &nbsp; Bergrettung: 140 \u00c4rztefunkdienst: 141 Vergiftungsinformation: 01\/406 43 43 ORF-Kinderservice (Rat auf Draht): 147 &nbsp; Frauennotruf: 01\/71 71 9 Gasgebrechen: 128 ARB\u00d6: 123 \u00d6AMTC: 120 &nbsp; \u00c4rzteflugambulanz: 40 144 Kinder- und Jugendanwalt des Bundes: 0800-240264 Notruf f\u00fcr Geh\u00f6rlose: 0800 133 133 &nbsp; Weitere Services Servicenummer der Polizei: 059 133 Durch die Wahl dieser Nummer werden sie automatisch und unabh\u00e4ngig von ihrem Standort in \u00d6sterreich mit der n\u00e4chstgelegenen Polizeidienststelle verbunden. &nbsp; Die europ\u00e4ische Notrufnummer 112 Die Telefonnummer 112 ist die einheitliche europ\u00e4ische Notrufnummer und der erste Kontaktpunkt (Public Safety Answering Point \u2013 PSAP). Hier werden Notrufe entgegengenommen und die Notfallinformationen an den entsprechenden Rettungsdienst, wie Polizei, Feuerwehr und Krankenwagen, weitergeleitet. Der PSAP geh\u00f6rt entweder zu einer der genannten Rettungsorgansationen oder dient als Schnittstelle zwischen Anrufern und Rettungsdiensten. Die Organisation der Rettungsdienste bleibt jedoch eine nationale bzw. wie in Deutschland oder Spanien eine regionale Aufgabe. Die Notrufnummer 112 wurde im Jahr 1991 eingerichtet und schrittweise in allen EU-Staaten etabliert. Diese Nummer kann \u00fcberall in der Europ\u00e4ischen Union aus dem Festnetz oder vom Mobiltelefon kostenlos angew\u00e4hlt werden. In den meisten L\u00e4ndern erg\u00e4nzt die Nummer 112 die bestehenden nationalen Notrufnummern und ersetzt diese nicht. Der europaweit einheitliche Notruf 112 kann von jedem Telefon aus gew\u00e4hlt werden \u2013 mit einem Handy auch ohne Netzvertrag, ohne Guthaben und meist sogar ohne SIM-Card. Quelle (Euro-Notruf): BMI<\/p>\n","protected":false},"author":1,"featured_media":0,"parent":12,"menu_order":0,"comment_status":"closed","ping_status":"closed","template":"","meta":{"footnotes":""},"_links":{"self":[{"href":"https:\/\/www.ff-tillmitsch.at\/wp\/index.php?rest_route=\/wp\/v2\/pages\/31"}],"collection":[{"href":"https:\/\/www.ff-tillmitsch.at\/wp\/index.php?rest_route=\/wp\/v2\/pages"}],"about":[{"href":"https:\/\/www.ff-tillmitsch.at\/wp\/index.php?rest_route=\/wp\/v2\/types\/page"}],"author":[{"embeddable":true,"href":"https:\/\/www.ff-tillmitsch.at\/wp\/index.php?rest_route=\/wp\/v2\/users\/1"}],"replies":[{"embeddable":true,"href":"https:\/\/www.ff-tillmitsch.at\/wp\/index.php?rest_route=%2Fwp%2Fv2%2Fcomments&post=31"}],"version-history":[{"count":3,"href":"https:\/\/www.ff-tillmitsch.at\/wp\/index.php?rest_route=\/wp\/v2\/pages\/31\/revisions"}],"predecessor-version":[{"id":93,"href":"https:\/\/www.ff-tillmitsch.at\/wp\/index.php?rest_route=\/wp\/v2\/pages\/31\/revisions\/93"}],"up":[{"embeddable":true,"href":"https:\/\/www.ff-tillmitsch.at\/wp\/index.php?rest_route=\/wp\/v2\/pages\/12"}],"wp:attachment":[{"href":"https:\/\/www.ff-tillmitsch.at\/wp\/index.php?rest_route=%2Fwp%2Fv2%2Fmedia&parent=31"}],"curies":[{"name":"wp","href":"https:\/\/api.w.org\/{rel}","templated":true}]}}