{"id":35,"date":"2014-08-03T10:37:17","date_gmt":"2014-08-03T08:37:17","guid":{"rendered":"http:\/\/www.ff-tillmitsch.at\/wp\/?page_id=35"},"modified":"2014-09-14T19:33:27","modified_gmt":"2014-09-14T17:33:27","slug":"rauchmelder","status":"publish","type":"page","link":"https:\/\/www.ff-tillmitsch.at\/wp\/?page_id=35","title":{"rendered":"Rauchmelder"},"content":{"rendered":"<h2>Rauchmelder-Pflicht!<\/h2>\n<p>&nbsp;<\/p>\n<h3><strong>Auszug aus der OiB-Richtlinie<\/strong><\/h3>\n<p>[&#8230;]<\/p>\n<p>3.11 Rauchwarnmelder<\/p>\n<p>In Wohnungen muss in Aufenthaltsr\u00e4umen &#8211; ausgenommen in K\u00fcchen &#8211; sowie in G\u00e4ngen, \u00fcber die Fluchtwege von Aufenthaltsr\u00e4umen f\u00fchren, jeweils mindestens ein Rauchwarnmelder angeordnet werden. Die Rauchwarnmelder m\u00fcssen so eingebaut werden, dass Brandrauch fr\u00fchzeitig erkannt und gemeldet wird.<\/p>\n<p>[&#8230;]<\/p>\n<p>&nbsp;<\/p>\n<h3>Rauchmelder retten Leben!<\/h3>\n<p>Rauchmelder ist nicht gleich Rauchmelder!<br \/>\nGreifen Sie nicht zu einem &#8222;billigen&#8220; Rauchmelder! Schlie\u00dflich soll der Rauchmelder zuverl\u00e4ssig arbeiten und die Wartungsarbeiten sollen so gering wie m\u00f6glich gehalten werden. Sie wollen sicher nicht monatlich Batterien wechseln oder dauernd Fehlalarmausl\u00f6sungen haben.<\/p>\n<p>Jeder Rauchmelder muss mit folgende Angaben gekennzeichnet sein:<\/p>\n<p>DIN EN 14604<br \/>\nVdS-Zertifizierung<br \/>\nName oder Handelszeichen und Adresse des Herstellers oder Lieferanten<br \/>\nHerstellungsdatum oder Fertigungsnummer<br \/>\nvom Hersteller empfohlenes Datum f\u00fcr einen Austausch, wenn die \u00fcbliche Wartung regelm\u00e4\u00dfig durchgef\u00fchrt wurde<br \/>\nHinweise zum Tauschen der Batterie: Art oder Anzahl der vom Hersteller empfohlenen Batterien und der beim Auswechseln der Batterie unbedingt sichtbare Hinweis f\u00fcr den Benutzer: &#8222;Nach jedem Batteriewechsel ist der ordnungsgem\u00e4\u00dfe Betrieb des Rauchwarnmelders unter Anwendung der Pr\u00fcfeinrichtung zu pr\u00fcfen.&#8220;<br \/>\nWeiters muss dem Rauchmelder eine Anleitung beigelegt sein, diese soll Angaben zur Wartung, Montage und Standortwahl enthalten.<br \/>\nDas Ger\u00e4t muss auch die CE-Kennzeichnung aufweisen, sowie die Nummer der EG-Konformit\u00e4tserkl\u00e4rung muss angegeben sein.<br \/>\nDie Lautst\u00e4rke sollte bei einem Abstand von 3m 85dB betragen.<\/p>\n<p>&nbsp;<\/p>\n<h3>Installation<\/h3>\n<p>F\u00fcr die Wahl des optimalen Montageorts, gelten folgende Krieterien:<\/p>\n<p>immer an der Zimmerdecke<br \/>\nmind. 0,5m von der Wand, Unterzug bzw. Einrichtungsgegenst\u00e4nden entfernt<br \/>\nm\u00f6glichst in der Mitte des Raumes<br \/>\nf\u00fcr gro\u00dfe R\u00e4ume bzw. teilweise getrennte R\u00e4ume m\u00fcssen f\u00fcr jeden Raumabschnitt je ein Rauchmelder angebracht werden<br \/>\nin Fluren max. 7,5m zwischen den Rauchmeldern<br \/>\nnicht in zuggef\u00e4hrdeten Umgebungen!<br \/>\nin Dachschr\u00e4gen nicht ganz oben anbringen (mind. 0,5m, jedoch max. 1m von der Decke entfernt)<br \/>\nEine Wandmontage ist nur gestattet, wenn an der Decke aufgrund baulicher Gegebenheiten nicht m\u00f6glich ist (z.B. Belastung).<\/p>\n<p>&nbsp;<\/p>\n<h3>Installation ist nur die halbe Miete<\/h3>\n<p>Wer einen Rauchmelder montiert hat, hat schon einmal einen ersten Schritt in Richtung &#8222;sicheres zu Hause&#8220; getan. Es reicht leider aber nicht aus &#8222;nur&#8220; einen Rauchmelder zu montieren!<br \/>\nPr\u00fcfen Sie deshalb regelm\u00e4\u00dfig alle Rauchmelder auf ihre Funktion! Tauschen Sie die Batterien aus bzw. ersetzen Sie kaputte Rauchmelder. (Falls Sie im Zuge eines Neubaus oder Sanierung die M\u00f6glichkeit haben ihre Rauchmelder mit Strom zu versorgen, kaufen Sie Rauchmelder, die statt einer Batterie an die permanente Stromversorgung angeschlossen werden.)<\/p>\n<p>&nbsp;<\/p>\n<p><iframe src=\"http:\/\/www.youtube.com\/embed\/PvQmSTHpat0?rel=0\" width=\"504\" height=\"284\" frameborder=\"0\" allowfullscreen=\"allowfullscreen\"><\/iframe><\/p>\n<p>&nbsp;<\/p>\n<h3>Weitere Informationen finden Sie unter:<\/h3>\n<p><a href=\"http:\/\/www.rauchmelderpflicht.eu\/\" target=\"_blank\">rauchmelderpflicht.eu<\/a><\/p>\n<p><a href=\"http:\/\/www.vds-home.de\/feuer-rauch\/rauchmelder\/\" target=\"_blank\">VdS &#8211; Vetrauen durch Sicherheit<\/a><\/p>\n<p><a href=\"http:\/\/www.rauchmelder-lebensretter.de\/\" target=\"_blank\">Rauchmelder retten Leben<\/a><\/p>\n","protected":false},"excerpt":{"rendered":"<p class=\"qua-blog-post-description\">Rauchmelder-Pflicht! &nbsp; Auszug aus der OiB-Richtlinie [&#8230;] 3.11 Rauchwarnmelder In Wohnungen muss in Aufenthaltsr\u00e4umen &#8211; ausgenommen in K\u00fcchen &#8211; sowie in G\u00e4ngen, \u00fcber die Fluchtwege von Aufenthaltsr\u00e4umen f\u00fchren, jeweils mindestens ein Rauchwarnmelder angeordnet werden. Die Rauchwarnmelder m\u00fcssen so eingebaut werden, dass Brandrauch fr\u00fchzeitig erkannt und gemeldet wird. [&#8230;] &nbsp; Rauchmelder retten Leben! Rauchmelder ist nicht gleich Rauchmelder! Greifen Sie nicht zu einem &#8222;billigen&#8220; Rauchmelder! Schlie\u00dflich soll der Rauchmelder zuverl\u00e4ssig arbeiten und die Wartungsarbeiten sollen so gering wie m\u00f6glich gehalten werden. Sie wollen sicher nicht monatlich Batterien wechseln oder dauernd Fehlalarmausl\u00f6sungen haben. Jeder Rauchmelder muss mit folgende Angaben gekennzeichnet sein: DIN EN 14604 VdS-Zertifizierung Name oder Handelszeichen und Adresse des Herstellers oder Lieferanten Herstellungsdatum oder Fertigungsnummer vom Hersteller empfohlenes Datum f\u00fcr einen Austausch, wenn die \u00fcbliche Wartung regelm\u00e4\u00dfig durchgef\u00fchrt wurde Hinweise zum Tauschen der Batterie: Art oder Anzahl der vom Hersteller empfohlenen Batterien und der beim Auswechseln der Batterie unbedingt sichtbare Hinweis f\u00fcr den Benutzer: &#8222;Nach jedem Batteriewechsel ist der ordnungsgem\u00e4\u00dfe Betrieb des Rauchwarnmelders unter Anwendung der Pr\u00fcfeinrichtung zu pr\u00fcfen.&#8220; Weiters muss dem Rauchmelder eine Anleitung beigelegt sein, diese soll Angaben zur Wartung, Montage und Standortwahl enthalten. Das Ger\u00e4t muss auch die CE-Kennzeichnung aufweisen, sowie die Nummer der EG-Konformit\u00e4tserkl\u00e4rung muss angegeben sein. Die Lautst\u00e4rke sollte bei einem Abstand von 3m 85dB betragen. &nbsp; Installation F\u00fcr die Wahl des optimalen Montageorts, gelten folgende Krieterien: immer an der Zimmerdecke mind. 0,5m von der Wand, Unterzug bzw. Einrichtungsgegenst\u00e4nden entfernt m\u00f6glichst in der Mitte des Raumes f\u00fcr gro\u00dfe R\u00e4ume bzw. teilweise getrennte R\u00e4ume m\u00fcssen f\u00fcr jeden Raumabschnitt je ein Rauchmelder angebracht werden in Fluren max. 7,5m zwischen den Rauchmeldern nicht in zuggef\u00e4hrdeten Umgebungen! in Dachschr\u00e4gen nicht ganz oben anbringen (mind. 0,5m, jedoch max. 1m von der Decke entfernt) Eine Wandmontage ist nur gestattet, wenn an der Decke aufgrund baulicher Gegebenheiten nicht m\u00f6glich ist (z.B. Belastung). &nbsp; Installation ist nur die halbe Miete Wer einen Rauchmelder montiert hat, hat schon einmal einen ersten Schritt in Richtung &#8222;sicheres zu Hause&#8220; getan. Es reicht leider aber nicht aus &#8222;nur&#8220; einen Rauchmelder zu montieren! Pr\u00fcfen Sie deshalb regelm\u00e4\u00dfig alle Rauchmelder auf ihre Funktion! Tauschen Sie die Batterien aus bzw. ersetzen Sie kaputte Rauchmelder. (Falls Sie im Zuge eines Neubaus oder Sanierung die M\u00f6glichkeit haben ihre Rauchmelder mit Strom zu versorgen, kaufen Sie Rauchmelder, die statt einer Batterie an die permanente Stromversorgung angeschlossen werden.) &nbsp; &nbsp; Weitere Informationen finden Sie unter: rauchmelderpflicht.eu VdS &#8211; Vetrauen durch Sicherheit Rauchmelder retten Leben<\/p>\n","protected":false},"author":1,"featured_media":0,"parent":12,"menu_order":2,"comment_status":"closed","ping_status":"closed","template":"","meta":{"footnotes":""},"_links":{"self":[{"href":"https:\/\/www.ff-tillmitsch.at\/wp\/index.php?rest_route=\/wp\/v2\/pages\/35"}],"collection":[{"href":"https:\/\/www.ff-tillmitsch.at\/wp\/index.php?rest_route=\/wp\/v2\/pages"}],"about":[{"href":"https:\/\/www.ff-tillmitsch.at\/wp\/index.php?rest_route=\/wp\/v2\/types\/page"}],"author":[{"embeddable":true,"href":"https:\/\/www.ff-tillmitsch.at\/wp\/index.php?rest_route=\/wp\/v2\/users\/1"}],"replies":[{"embeddable":true,"href":"https:\/\/www.ff-tillmitsch.at\/wp\/index.php?rest_route=%2Fwp%2Fv2%2Fcomments&post=35"}],"version-history":[{"count":4,"href":"https:\/\/www.ff-tillmitsch.at\/wp\/index.php?rest_route=\/wp\/v2\/pages\/35\/revisions"}],"predecessor-version":[{"id":456,"href":"https:\/\/www.ff-tillmitsch.at\/wp\/index.php?rest_route=\/wp\/v2\/pages\/35\/revisions\/456"}],"up":[{"embeddable":true,"href":"https:\/\/www.ff-tillmitsch.at\/wp\/index.php?rest_route=\/wp\/v2\/pages\/12"}],"wp:attachment":[{"href":"https:\/\/www.ff-tillmitsch.at\/wp\/index.php?rest_route=%2Fwp%2Fv2%2Fmedia&parent=35"}],"curies":[{"name":"wp","href":"https:\/\/api.w.org\/{rel}","templated":true}]}}