{"id":37,"date":"2014-08-03T10:37:40","date_gmt":"2014-08-03T08:37:40","guid":{"rendered":"http:\/\/www.ff-tillmitsch.at\/wp\/?page_id=37"},"modified":"2022-08-18T08:58:44","modified_gmt":"2022-08-18T06:58:44","slug":"feuerloescher","status":"publish","type":"page","link":"https:\/\/www.ff-tillmitsch.at\/wp\/?page_id=37","title":{"rendered":"Feuerl\u00f6scher"},"content":{"rendered":"<h2>Wie funktioniert ein Feuerl\u00f6scher?<\/h2>\n<p><iframe title=\"Feuerl\u00f6scher f\u00fcr zu Hause\" width=\"500\" height=\"281\" src=\"https:\/\/www.youtube.com\/embed\/AngA1aRCY7Q?feature=oembed\" frameborder=\"0\" allow=\"accelerometer; autoplay; clipboard-write; encrypted-media; gyroscope; picture-in-picture\" allowfullscreen><\/iframe><\/p>\n<h2>Richtig l\u00f6schen<\/h2>\n<p><img decoding=\"async\" src=\"http:\/\/www.ff-tillmitsch.at\/cms\/files\/externeDaten\/Buergerservice\/Feuerloescher\/loeschen_Feuerloescher.jpg\" alt=\"\" \/><\/p>\n<p>Feuerl\u00f6scher Klassen<\/p>\n<p><img decoding=\"async\" src=\"http:\/\/www.ff-tillmitsch.at\/cms\/files\/externeDaten\/Buergerservice\/Feuerloescher\/brandklassen.jpg\" alt=\"\" \/><\/p>\n<p>Quelle: <a href=\"http:\/\/www.bmi.gv.at\/\" target=\"_blank\" rel=\"noopener\">BMI<\/a> bzw. <a href=\"http:\/\/www.siz.cc\/\" target=\"_blank\" rel=\"noopener\">Zivilschutzverband<\/a><\/p>\n","protected":false},"excerpt":{"rendered":"<p class=\"qua-blog-post-description\">Wie funktioniert ein Feuerl\u00f6scher? Richtig l\u00f6schen Feuerl\u00f6scher Klassen Quelle: BMI bzw. Zivilschutzverband<\/p>\n","protected":false},"author":1,"featured_media":0,"parent":12,"menu_order":3,"comment_status":"closed","ping_status":"closed","template":"","meta":{"footnotes":""},"_links":{"self":[{"href":"https:\/\/www.ff-tillmitsch.at\/wp\/index.php?rest_route=\/wp\/v2\/pages\/37"}],"collection":[{"href":"https:\/\/www.ff-tillmitsch.at\/wp\/index.php?rest_route=\/wp\/v2\/pages"}],"about":[{"href":"https:\/\/www.ff-tillmitsch.at\/wp\/index.php?rest_route=\/wp\/v2\/types\/page"}],"author":[{"embeddable":true,"href":"https:\/\/www.ff-tillmitsch.at\/wp\/index.php?rest_route=\/wp\/v2\/users\/1"}],"replies":[{"embeddable":true,"href":"https:\/\/www.ff-tillmitsch.at\/wp\/index.php?rest_route=%2Fwp%2Fv2%2Fcomments&post=37"}],"version-history":[{"count":4,"href":"https:\/\/www.ff-tillmitsch.at\/wp\/index.php?rest_route=\/wp\/v2\/pages\/37\/revisions"}],"predecessor-version":[{"id":4206,"href":"https:\/\/www.ff-tillmitsch.at\/wp\/index.php?rest_route=\/wp\/v2\/pages\/37\/revisions\/4206"}],"up":[{"embeddable":true,"href":"https:\/\/www.ff-tillmitsch.at\/wp\/index.php?rest_route=\/wp\/v2\/pages\/12"}],"wp:attachment":[{"href":"https:\/\/www.ff-tillmitsch.at\/wp\/index.php?rest_route=%2Fwp%2Fv2%2Fmedia&parent=37"}],"curies":[{"name":"wp","href":"https:\/\/api.w.org\/{rel}","templated":true}]}}