{"id":39,"date":"2014-08-03T10:38:04","date_gmt":"2014-08-03T08:38:04","guid":{"rendered":"http:\/\/www.ff-tillmitsch.at\/wp\/?page_id=39"},"modified":"2014-09-14T19:34:15","modified_gmt":"2014-09-14T17:34:15","slug":"sirenensignale","status":"publish","type":"page","link":"https:\/\/www.ff-tillmitsch.at\/wp\/?page_id=39","title":{"rendered":"Sirenensignale"},"content":{"rendered":"<p>&nbsp;<\/p>\n<p><strong>Warnung:<\/strong> 3-min\u00fctiger gleichbleibender Dauerton &#8211; Gefahr!<\/p>\n<!--[if lt IE 9]><script>document.createElement('audio');<\/script><![endif]-->\n<audio class=\"wp-audio-shortcode\" id=\"audio-39-1\" preload=\"none\" style=\"width: 100%;\" controls=\"controls\"><source type=\"audio\/mpeg\" src=\"http:\/\/www.ff-tillmitsch.at\/wp\/wp-content\/uploads\/2014\/08\/warnung.mp3?_=1\" \/><a href=\"http:\/\/www.ff-tillmitsch.at\/wp\/wp-content\/uploads\/2014\/08\/warnung.mp3\">http:\/\/www.ff-tillmitsch.at\/wp\/wp-content\/uploads\/2014\/08\/warnung.mp3<\/a><\/audio>\n<p>&nbsp;<\/p>\n<p><strong>Alarm:<\/strong> 1-min\u00fctiger auf- und abschwellender Ton &#8211; Unmittelbare Gefahr!<\/p>\n<audio class=\"wp-audio-shortcode\" id=\"audio-39-2\" preload=\"none\" style=\"width: 100%;\" controls=\"controls\"><source type=\"audio\/mpeg\" src=\"http:\/\/www.ff-tillmitsch.at\/wp\/wp-content\/uploads\/2014\/08\/alarm.mp3?_=2\" \/><a href=\"http:\/\/www.ff-tillmitsch.at\/wp\/wp-content\/uploads\/2014\/08\/alarm.mp3\">http:\/\/www.ff-tillmitsch.at\/wp\/wp-content\/uploads\/2014\/08\/alarm.mp3<\/a><\/audio>\n<p>&nbsp;<\/p>\n<p><strong>Entwarnung:<\/strong> 1-min\u00fctiger gleichbleibender Dauerton &#8211; Ende der Gefahr!<\/p>\n<audio class=\"wp-audio-shortcode\" id=\"audio-39-3\" preload=\"none\" style=\"width: 100%;\" controls=\"controls\"><source type=\"audio\/mpeg\" src=\"http:\/\/www.ff-tillmitsch.at\/wp\/wp-content\/uploads\/2014\/08\/entwarnung.mp3?_=3\" \/><a href=\"http:\/\/www.ff-tillmitsch.at\/wp\/wp-content\/uploads\/2014\/08\/entwarnung.mp3\">http:\/\/www.ff-tillmitsch.at\/wp\/wp-content\/uploads\/2014\/08\/entwarnung.mp3<\/a><\/audio>\n<p>&nbsp;<\/p>\n<p><strong>Feuerwehralarm:<\/strong> 3x 15s Ton<\/p>\n<p>&nbsp;<\/p>\n<p><a href=\"http:\/\/www.zivilschutzverband.at\" target=\"_blank\"><img decoding=\"async\" src=\"http:\/\/www.ff-tillmitsch.at\/cms\/files\/externeDaten\/Buergerservice\/Sirenensignale\/Sirenensignale.jpg\" alt=\"\" \/><\/a><\/p>\n<p>&nbsp;<\/p>\n<p>Um mehr Informationen zum Zivilschutzverband zu erhalten klicken Sie bitte auf das Bild.<\/p>\n<p>&nbsp;<\/p>\n","protected":false},"excerpt":{"rendered":"<p class=\"qua-blog-post-description\">&nbsp; Warnung: 3-min\u00fctiger gleichbleibender Dauerton &#8211; Gefahr! &nbsp; Alarm: 1-min\u00fctiger auf- und abschwellender Ton &#8211; Unmittelbare Gefahr! &nbsp; Entwarnung: 1-min\u00fctiger gleichbleibender Dauerton &#8211; Ende der Gefahr! &nbsp; Feuerwehralarm: 3x 15s Ton &nbsp; &nbsp; Um mehr Informationen zum Zivilschutzverband zu erhalten klicken Sie bitte auf das Bild. &nbsp;<\/p>\n","protected":false},"author":1,"featured_media":0,"parent":12,"menu_order":4,"comment_status":"closed","ping_status":"closed","template":"","meta":{"footnotes":""},"_links":{"self":[{"href":"https:\/\/www.ff-tillmitsch.at\/wp\/index.php?rest_route=\/wp\/v2\/pages\/39"}],"collection":[{"href":"https:\/\/www.ff-tillmitsch.at\/wp\/index.php?rest_route=\/wp\/v2\/pages"}],"about":[{"href":"https:\/\/www.ff-tillmitsch.at\/wp\/index.php?rest_route=\/wp\/v2\/types\/page"}],"author":[{"embeddable":true,"href":"https:\/\/www.ff-tillmitsch.at\/wp\/index.php?rest_route=\/wp\/v2\/users\/1"}],"replies":[{"embeddable":true,"href":"https:\/\/www.ff-tillmitsch.at\/wp\/index.php?rest_route=%2Fwp%2Fv2%2Fcomments&post=39"}],"version-history":[{"count":4,"href":"https:\/\/www.ff-tillmitsch.at\/wp\/index.php?rest_route=\/wp\/v2\/pages\/39\/revisions"}],"predecessor-version":[{"id":110,"href":"https:\/\/www.ff-tillmitsch.at\/wp\/index.php?rest_route=\/wp\/v2\/pages\/39\/revisions\/110"}],"up":[{"embeddable":true,"href":"https:\/\/www.ff-tillmitsch.at\/wp\/index.php?rest_route=\/wp\/v2\/pages\/12"}],"wp:attachment":[{"href":"https:\/\/www.ff-tillmitsch.at\/wp\/index.php?rest_route=%2Fwp%2Fv2%2Fmedia&parent=39"}],"curies":[{"name":"wp","href":"https:\/\/api.w.org\/{rel}","templated":true}]}}