{"id":98,"date":"2014-08-03T15:17:03","date_gmt":"2014-08-03T13:17:03","guid":{"rendered":"http:\/\/www.ff-tillmitsch.at\/wp\/?page_id=98"},"modified":"2015-04-11T22:00:29","modified_gmt":"2015-04-11T20:00:29","slug":"irrtuemer-erste-hilfe","status":"publish","type":"page","link":"https:\/\/www.ff-tillmitsch.at\/wp\/?page_id=98","title":{"rendered":"Irrt\u00fcmer Erste Hilfe"},"content":{"rendered":"<p>Darf man einem verletzten Motorrad-Fahrer den Helm abnehmen? Bindet man einen Arm ab, um starke Blutungen zu stillen? Helfen feste Umarmungen bei Verschlucken?<\/p>\n<p>Der letzte Erste Hilfe-Kurs ist schon geraume Zeit her und so manche Hilfsma\u00dfnahme ist nicht mehr ganz richtig abgespeichert. Leider neigt unser Gehirn bei nicht gesicherten Informationen auch dazu, Fakten mit Fiktion aufzubessern. Ein Ergebnis sind Erste Hilfe-Ma\u00dfnahmen, die eher dem Reich der Fantasie entspringen und eher schaden k\u00f6nnen als sie n\u00fctzen.<\/p>\n<p>Anl\u00e4sslich des Welttages der Ersten Hilfe am 8. September 2012 kl\u00e4rt Rotkreuz-Chefarzt Dr. Wolfgang Schreiber die g\u00e4ngigsten Irrt\u00fcmer aus dem Bereich auf.<\/p>\n<h3>Irrtum: Verunfallten Motorradfahrern darf der Helm nicht abgenommen werden.<\/h3>\n<p><img decoding=\"async\" src=\"http:\/\/www.roteskreuz.at\/fileadmin\/user_upload\/LV\/Vorarlberg\/Dokumente\/Helmabnahme.jpg\" alt=\"\" \/><\/p>\n<p>Ein Helm kann nach einem Unfall zu einem lebensbedrohlichen Problem werden: \u201e Ein Sturzhelm sch\u00fctzt den Kopf vor Verletzungen, er birgt aber auch die Gefahr des Erstickens, wenn ein Motorradfahrer das Bewusstsein verliert&#8220;, sagt Rotkreuz-Chefarzt Dr. Wolfgang Schreiber.<br \/>\nDer Helm geh\u00f6rt zur Kontrolle der Atmung in jedem Fall abgenommen, wenn der Verletzte nicht reagiert. &#8222;Ist der Verletzte bei Bewusstsein, so kann der Verletzte entscheiden und man kann behilflich sein, den Helm vorsichtig zu entfernen\u201c, erkl\u00e4rt Wolfgang Schreiber.<\/p>\n<p><strong>So geht\u2019s:<\/strong><\/p>\n<p>\u201eDer Ersthelfer kniet oberhalb des Kopfes, erfasst seitlich mit beiden H\u00e4nden den Helm und richtet den Kopf des Patienten vorsichtig gerade\u201c, erkl\u00e4rt Notfall-Mediziner Schreiber. \u201eDas Visier und der Verschluss werden ge\u00f6ffnet. Dann wird der Helm vom Kopf herunter gezogen, w\u00e4hrend der Kopf im Nacken mit einer Hand gest\u00fctzt wird.\u201c<\/p>\n<p>&nbsp;<\/p>\n<h3>Irrtum: Starke Blutungen werden durch Abbinden gestoppt<\/h3>\n<p><img decoding=\"async\" src=\"http:\/\/www.roteskreuz.at\/typo3temp\/pics\/3923b750bb.jpg\" alt=\"\" \/><\/p>\n<p>Selbst wenn eine Wunde sehr stark blutet und Blut im Schwall austritt, ist eine Abbindung nicht die einfachste Methode der Blutstillung. Im Gegenteil, bei unsachgem\u00e4\u00dfer Anwendung k\u00f6nnen Nerven und Gewebe verletzt werden. Einfach und effizient ist hingegen ein sogenannter Fingerdruck! &#8222;Jede sichtbare Blutung kann durch gen\u00fcgend Druck auf die Wunde gestillt werden\u201c, versichert Wolfgang Schreiber. \u201eDiese Ma\u00dfnahme kann an jedem K\u00f6rperteil durchgef\u00fchrt werden.\u201c<\/p>\n<p><strong>So geht\u2019s:<\/strong><\/p>\n<p>Im Idealfall mit Einweghandschuhen und Wundauflage ger\u00fcstet, dr\u00fcckt der Ersthelfer die Wundauflage so fest auf die Wunde, dass die Blutung aufh\u00f6rt. \u201eBei starkem Blutverlust ist die Blutstillung die wichtigste Ma\u00dfnahme f\u00fcr Ersthelfer, denn rascher und hoher Blutverlust kann zum Kreislaufstilltand f\u00fchren.\u201c<\/p>\n<p>&nbsp;<\/p>\n<h3>Irrtum: Verlegte Atemwege befreit man mit einem Luftr\u00f6hrenschnitt<\/h3>\n<p><img decoding=\"async\" src=\"http:\/\/www.roteskreuz.at\/fileadmin\/user_upload\/Images\/Bildarchiv\/internationale_Hilfe\/Gabriela\/eh_heimlich_griff.jpg\" alt=\"\" \/><\/p>\n<p>Weder Erwachsene noch Kinder, die einen Gegenstand verschluckt haben und um Luft ringen, befreit man durch einen Luftr\u00f6hrenschnitt von ihrer Qual. \u201eAuch in solch dramatischen F\u00e4llen kommen Ersthelfer ohne chirurgische Ma\u00dfnahmen aus\u201c, erkl\u00e4rt Rotkreuz-Chefarzt Schreiber.<\/p>\n<p><strong>So geht\u2019s:<\/strong><\/p>\n<p>Kann der Betroffene sprechen und antworten, so ist es v\u00f6llig ausreichend, ihn zum Husten anzuregen! Guter Zuspruch und frische Luft erleichtern die Atmung!<\/p>\n<p>Absolut lebensbedrohlich wird die Situation, wenn eine schwere Verlegung der Atemwege vorliegt, das hei\u00dft, der Betroffene kann nicht mehr sprechen und ringt Luft!<br \/>\nDer Helfer schl\u00e4gt sofort fest mit der flachen Hand zwischen die Schulterbl\u00e4tter, w\u00e4hrend er den verletzten mit der anderen Hand am Brustkorb abst\u00fctzt. Das kann einen Hustenreiz ausl\u00f6sen. Durch das Husten wird das Verschluckte aus der Luftr\u00f6hre bef\u00f6rdert.<\/p>\n<p>Tritt nach f\u00fcnf festen Schl\u00e4gen keine Besserung auf, so werden bei Erwachsenen und Kindern (\u00e4lter als ein Jahr) f\u00fcnf Kompressionen des Oberbauches durchgef\u00fchrt. Dazu stellt sich der Helfer hinter die Person und legt beide Arme um den Oberbauch. Die geballte Faust liegt zwischen Nabel und Brustkorb, die Faust mit der anderen Hand umklammern und beide H\u00e4nde kr\u00e4ftig nach innen und oben ziehen. F\u00fchren Sie abwechselnd 5 R\u00fcckenschl\u00e4ge und 5 Oberbauchkompressionen durch!<\/p>\n<p>Ist die betroffene Person ohne Bewusstsein, oder verliert sie das Bewusstsein: Sofort mit 30 Herzdruckmassagen beginnen! Durch den Druck w\u00e4hrend der Herzdruckmassage wird m\u00f6glicherweise der Fremdk\u00f6rper aus den Atemwegen herausgedr\u00fcckt. Vor der den Beatmungen soll in diesem Fall jedesmal nachgesehen werden, ob sich der Fremdk\u00f6rper (zb. Speisereste) bereits im Mund befinden.<\/p>\n<p>Hat sich ein S\u00e4ugling (bis 1 Jahr) verschluckt, dann legen Sie ihn b\u00e4uchlings mit dem Kopf nach unten \u00fcber ihren Unterarm und f\u00fchren Sie laufend Schl\u00e4ge mit ihrem Handballen zwischen die Schulterbl\u00e4tter durch, um den Hustenreiz zu f\u00f6rdern.<\/p>\n<p>Hat ein Kind ein Spielzeug oder einen Teil davon verschluckt, so muss unbedingt ein Krankenhaus aufgesucht werden. Es hilft dem Arzt, wenn er einen `Doppelg\u00e4nger` des verschluckten Teils erh\u00e4lt. Er kann dann besser weitere Gefahren erkennen und darauf reagieren, so Rotkreuz-Arzt Dr. Schreiber.<\/p>\n<p>Quelle: <a href=\"http:\/\/www.roteskreuz.at\/berichten\/aktuelles\/news\/welttag-der-ersten-hilfe\/\" target=\"_blank\">Rotes Kreuz<\/a><\/p>\n","protected":false},"excerpt":{"rendered":"<p class=\"qua-blog-post-description\">Darf man einem verletzten Motorrad-Fahrer den Helm abnehmen? Bindet man einen Arm ab, um starke Blutungen zu stillen? Helfen feste Umarmungen bei Verschlucken? Der letzte Erste Hilfe-Kurs ist schon geraume Zeit her und so manche Hilfsma\u00dfnahme ist nicht mehr ganz richtig abgespeichert. Leider neigt unser Gehirn bei nicht gesicherten Informationen auch dazu, Fakten mit Fiktion aufzubessern. Ein Ergebnis sind Erste Hilfe-Ma\u00dfnahmen, die eher dem Reich der Fantasie entspringen und eher schaden k\u00f6nnen als sie n\u00fctzen. Anl\u00e4sslich des Welttages der Ersten Hilfe am 8. September 2012 kl\u00e4rt Rotkreuz-Chefarzt Dr. Wolfgang Schreiber die g\u00e4ngigsten Irrt\u00fcmer aus dem Bereich auf. Irrtum: Verunfallten Motorradfahrern darf der Helm nicht abgenommen werden. Ein Helm kann nach einem Unfall zu einem lebensbedrohlichen Problem werden: \u201e Ein Sturzhelm sch\u00fctzt den Kopf vor Verletzungen, er birgt aber auch die Gefahr des Erstickens, wenn ein Motorradfahrer das Bewusstsein verliert&#8220;, sagt Rotkreuz-Chefarzt Dr. Wolfgang Schreiber. Der Helm geh\u00f6rt zur Kontrolle der Atmung in jedem Fall abgenommen, wenn der Verletzte nicht reagiert. &#8222;Ist der Verletzte bei Bewusstsein, so kann der Verletzte entscheiden und man kann behilflich sein, den Helm vorsichtig zu entfernen\u201c, erkl\u00e4rt Wolfgang Schreiber. So geht\u2019s: \u201eDer Ersthelfer kniet oberhalb des Kopfes, erfasst seitlich mit beiden H\u00e4nden den Helm und richtet den Kopf des Patienten vorsichtig gerade\u201c, erkl\u00e4rt Notfall-Mediziner Schreiber. \u201eDas Visier und der Verschluss werden ge\u00f6ffnet. Dann wird der Helm vom Kopf herunter gezogen, w\u00e4hrend der Kopf im Nacken mit einer Hand gest\u00fctzt wird.\u201c &nbsp; Irrtum: Starke Blutungen werden durch Abbinden gestoppt Selbst wenn eine Wunde sehr stark blutet und Blut im Schwall austritt, ist eine Abbindung nicht die einfachste Methode der Blutstillung. Im Gegenteil, bei unsachgem\u00e4\u00dfer Anwendung k\u00f6nnen Nerven und Gewebe verletzt werden. Einfach und effizient ist hingegen ein sogenannter Fingerdruck! &#8222;Jede sichtbare Blutung kann durch gen\u00fcgend Druck auf die Wunde gestillt werden\u201c, versichert Wolfgang Schreiber. \u201eDiese Ma\u00dfnahme kann an jedem K\u00f6rperteil durchgef\u00fchrt werden.\u201c So geht\u2019s: Im Idealfall mit Einweghandschuhen und Wundauflage ger\u00fcstet, dr\u00fcckt der Ersthelfer die Wundauflage so fest auf die Wunde, dass die Blutung aufh\u00f6rt. \u201eBei starkem Blutverlust ist die Blutstillung die wichtigste Ma\u00dfnahme f\u00fcr Ersthelfer, denn rascher und hoher Blutverlust kann zum Kreislaufstilltand f\u00fchren.\u201c &nbsp; Irrtum: Verlegte Atemwege befreit man mit einem Luftr\u00f6hrenschnitt Weder Erwachsene noch Kinder, die einen Gegenstand verschluckt haben und um Luft ringen, befreit man durch einen Luftr\u00f6hrenschnitt von ihrer Qual. \u201eAuch in solch dramatischen F\u00e4llen kommen Ersthelfer ohne chirurgische Ma\u00dfnahmen aus\u201c, erkl\u00e4rt Rotkreuz-Chefarzt Schreiber. So geht\u2019s: Kann der Betroffene sprechen und antworten, so ist es v\u00f6llig ausreichend, ihn zum Husten anzuregen! Guter Zuspruch und frische Luft erleichtern die Atmung! Absolut lebensbedrohlich wird die Situation, wenn eine schwere Verlegung der Atemwege vorliegt, das hei\u00dft, der Betroffene kann nicht mehr sprechen und ringt Luft! Der Helfer schl\u00e4gt sofort fest mit der flachen Hand zwischen die Schulterbl\u00e4tter, w\u00e4hrend er den verletzten mit der anderen Hand am Brustkorb abst\u00fctzt. Das kann einen Hustenreiz ausl\u00f6sen. Durch das Husten wird das Verschluckte aus der Luftr\u00f6hre bef\u00f6rdert. Tritt nach f\u00fcnf festen Schl\u00e4gen keine Besserung auf, so werden bei Erwachsenen und Kindern (\u00e4lter als ein Jahr) f\u00fcnf Kompressionen des Oberbauches durchgef\u00fchrt. Dazu stellt sich der Helfer hinter die Person und legt beide Arme um den Oberbauch. Die geballte Faust liegt zwischen Nabel und Brustkorb, die Faust mit der anderen Hand umklammern und beide H\u00e4nde kr\u00e4ftig nach innen und oben ziehen. F\u00fchren Sie abwechselnd 5 R\u00fcckenschl\u00e4ge und 5 Oberbauchkompressionen durch! Ist die betroffene Person ohne Bewusstsein, oder verliert sie das Bewusstsein: Sofort mit 30 Herzdruckmassagen beginnen! Durch den Druck w\u00e4hrend der Herzdruckmassage wird m\u00f6glicherweise der Fremdk\u00f6rper aus den Atemwegen herausgedr\u00fcckt. Vor der den Beatmungen soll in diesem Fall jedesmal nachgesehen werden, ob sich der Fremdk\u00f6rper (zb. Speisereste) bereits im Mund befinden. Hat sich ein S\u00e4ugling (bis 1 Jahr) verschluckt, dann legen Sie ihn b\u00e4uchlings mit dem Kopf nach unten \u00fcber ihren Unterarm und f\u00fchren Sie laufend Schl\u00e4ge mit ihrem Handballen zwischen die Schulterbl\u00e4tter durch, um den Hustenreiz zu f\u00f6rdern. Hat ein Kind ein Spielzeug oder einen Teil davon verschluckt, so muss unbedingt ein Krankenhaus aufgesucht werden. Es hilft dem Arzt, wenn er einen `Doppelg\u00e4nger` des verschluckten Teils erh\u00e4lt. Er kann dann besser weitere Gefahren erkennen und darauf reagieren, so Rotkreuz-Arzt Dr. Schreiber. Quelle: Rotes Kreuz<\/p>\n","protected":false},"author":1,"featured_media":0,"parent":33,"menu_order":0,"comment_status":"closed","ping_status":"closed","template":"","meta":{"footnotes":""},"_links":{"self":[{"href":"https:\/\/www.ff-tillmitsch.at\/wp\/index.php?rest_route=\/wp\/v2\/pages\/98"}],"collection":[{"href":"https:\/\/www.ff-tillmitsch.at\/wp\/index.php?rest_route=\/wp\/v2\/pages"}],"about":[{"href":"https:\/\/www.ff-tillmitsch.at\/wp\/index.php?rest_route=\/wp\/v2\/types\/page"}],"author":[{"embeddable":true,"href":"https:\/\/www.ff-tillmitsch.at\/wp\/index.php?rest_route=\/wp\/v2\/users\/1"}],"replies":[{"embeddable":true,"href":"https:\/\/www.ff-tillmitsch.at\/wp\/index.php?rest_route=%2Fwp%2Fv2%2Fcomments&post=98"}],"version-history":[{"count":1,"href":"https:\/\/www.ff-tillmitsch.at\/wp\/index.php?rest_route=\/wp\/v2\/pages\/98\/revisions"}],"predecessor-version":[{"id":99,"href":"https:\/\/www.ff-tillmitsch.at\/wp\/index.php?rest_route=\/wp\/v2\/pages\/98\/revisions\/99"}],"up":[{"embeddable":true,"href":"https:\/\/www.ff-tillmitsch.at\/wp\/index.php?rest_route=\/wp\/v2\/pages\/33"}],"wp:attachment":[{"href":"https:\/\/www.ff-tillmitsch.at\/wp\/index.php?rest_route=%2Fwp%2Fv2%2Fmedia&parent=98"}],"curies":[{"name":"wp","href":"https:\/\/api.w.org\/{rel}","templated":true}]}}